{"id":57412,"date":"2026-03-25T15:42:10","date_gmt":"2026-03-25T14:42:10","guid":{"rendered":"https:\/\/centroculturalcamara.com\/noticias-2\/"},"modified":"2026-05-12T14:13:49","modified_gmt":"2026-05-12T12:13:49","slug":"noticias","status":"publish","type":"page","link":"https:\/\/centroculturalcamara.com\/en\/noticias\/","title":{"rendered":"Noticias"},"content":{"rendered":"\t\t<div data-elementor-type=\"wp-page\" data-elementor-id=\"57412\" class=\"elementor elementor-57412\" data-elementor-post-type=\"page\">\n\t\t\t\t<div class=\"elementor-element elementor-element-37ae79a e-flex e-con-boxed e-con e-parent\" data-id=\"37ae79a\" data-element_type=\"container\" data-e-type=\"container\" data-settings=\"{&quot;background_background&quot;:&quot;gradient&quot;}\">\n\t\t\t\t\t<div class=\"e-con-inner\">\n\t\t\t\t<div class=\"elementor-element elementor-element-98a1d64 elementor-widget elementor-widget-heading\" data-id=\"98a1d64\" data-element_type=\"widget\" data-e-type=\"widget\" data-widget_type=\"heading.default\">\n\t\t\t\t\t<h1 class=\"elementor-heading-title elementor-size-default\">News<\/h1>\t\t\t\t<\/div>\n\t\t\t\t<div class=\"elementor-element elementor-element-084708c elementor-widget-divider--view-line elementor-widget elementor-widget-divider\" data-id=\"084708c\" data-element_type=\"widget\" data-e-type=\"widget\" data-widget_type=\"divider.default\">\n\t\t\t\t\t\t\t<div class=\"elementor-divider\">\n\t\t\t<span class=\"elementor-divider-separator\">\n\t\t\t\t\t\t<\/span>\n\t\t<\/div>\n\t\t\t\t\t\t<\/div>\n\t\t<div class=\"elementor-element elementor-element-4ca2c44 e-con-full e-flex e-con e-child\" data-id=\"4ca2c44\" data-element_type=\"container\" data-e-type=\"container\" data-settings=\"{&quot;background_background&quot;:&quot;classic&quot;}\">\n\t\t\t\t<div class=\"elementor-element elementor-element-73f1df6 elementor-grid-3 elementor-grid-tablet-2 elementor-grid-mobile-1 elementor-posts--thumbnail-top load-more-align-center elementor-widget elementor-widget-posts\" data-id=\"73f1df6\" data-element_type=\"widget\" data-e-type=\"widget\" data-settings=\"{&quot;pagination_type&quot;:&quot;load_more_on_click&quot;,&quot;classic_columns&quot;:&quot;3&quot;,&quot;classic_columns_tablet&quot;:&quot;2&quot;,&quot;classic_columns_mobile&quot;:&quot;1&quot;,&quot;classic_row_gap&quot;:{&quot;unit&quot;:&quot;px&quot;,&quot;size&quot;:35,&quot;sizes&quot;:[]},&quot;classic_row_gap_laptop&quot;:{&quot;unit&quot;:&quot;px&quot;,&quot;size&quot;:&quot;&quot;,&quot;sizes&quot;:[]},&quot;classic_row_gap_tablet_extra&quot;:{&quot;unit&quot;:&quot;px&quot;,&quot;size&quot;:&quot;&quot;,&quot;sizes&quot;:[]},&quot;classic_row_gap_tablet&quot;:{&quot;unit&quot;:&quot;px&quot;,&quot;size&quot;:&quot;&quot;,&quot;sizes&quot;:[]},&quot;classic_row_gap_mobile_extra&quot;:{&quot;unit&quot;:&quot;px&quot;,&quot;size&quot;:&quot;&quot;,&quot;sizes&quot;:[]},&quot;classic_row_gap_mobile&quot;:{&quot;unit&quot;:&quot;px&quot;,&quot;size&quot;:&quot;&quot;,&quot;sizes&quot;:[]},&quot;load_more_spinner&quot;:{&quot;value&quot;:&quot;fas fa-spinner&quot;,&quot;library&quot;:&quot;fa-solid&quot;}}\" data-widget_type=\"posts.classic\">\n\t\t\t\t<div class=\"elementor-widget-container\">\n\t\t\t\t\t\t\t<div class=\"elementor-posts-container elementor-posts elementor-posts--skin-classic elementor-grid\" role=\"list\">\n\t\t\t\t<article class=\"elementor-post elementor-grid-item post-60894 post type-post status-publish format-standard has-post-thumbnail hentry category-noticias\" role=\"listitem\">\n\t\t\t\t<a class=\"elementor-post__thumbnail__link\" href=\"https:\/\/centroculturalcamara.com\/en\/andalucia-film-commission-nominada-a-los-premios-anillos-de-oro-en-la-categoria-de-mejor-film-commission\/\" tabindex=\"-1\" >\n\t\t\t<div class=\"elementor-post__thumbnail\"><img alt=\"\" fetchpriority=\"high\" decoding=\"async\" width=\"800\" height=\"527\" src=\"https:\/\/centroculturalcamara.com\/wp-content\/uploads\/2026\/05\/anillos_oro-1024x674.jpeg\" class=\"attachment-large size-large wp-image-60901\" alt=\"\" srcset=\"https:\/\/centroculturalcamara.com\/wp-content\/uploads\/2026\/05\/anillos_oro-1024x674.jpeg 1024w, https:\/\/centroculturalcamara.com\/wp-content\/uploads\/2026\/05\/anillos_oro-300x198.jpeg 300w, https:\/\/centroculturalcamara.com\/wp-content\/uploads\/2026\/05\/anillos_oro-768x506.jpeg 768w, https:\/\/centroculturalcamara.com\/wp-content\/uploads\/2026\/05\/anillos_oro.jpeg 1080w\" sizes=\"(max-width: 800px) 100vw, 800px\" \/><\/div>\n\t\t<\/a>\n\t\t\t\t<div class=\"elementor-post__text\">\n\t\t\t\t<h3 class=\"elementor-post__title\">\n\t\t\t<a href=\"https:\/\/centroculturalcamara.com\/en\/andalucia-film-commission-nominada-a-los-premios-anillos-de-oro-en-la-categoria-de-mejor-film-commission\/\" >\n\t\t\t\tAndaluc\u00eda Film Commission nominada a los Premios Anillos de Oro en la categor\u00eda de Mejor Film Commission\t\t\t<\/a>\n\t\t<\/h3>\n\t\t\t\t\t<div class=\"elementor-post__read-more-wrapper\">\n\t\t\n\t\t<a class=\"elementor-post__read-more\" href=\"https:\/\/centroculturalcamara.com\/en\/andalucia-film-commission-nominada-a-los-premios-anillos-de-oro-en-la-categoria-de-mejor-film-commission\/\" aria-label=\"Read more about Andaluc\u00eda Film Commission nominada a los Premios Anillos de Oro en la categor\u00eda de Mejor Film Commission\" tabindex=\"-1\" >\n\t\t\tLeer m\u00e1s \u00bb\t\t<\/a>\n\n\t\t\t\t\t<\/div>\n\t\t\t\t<\/div>\n\t\t\t\t<\/article>\n\t\t\t\t<article class=\"elementor-post elementor-grid-item post-60601 post type-post status-publish format-standard has-post-thumbnail hentry category-noticias\" role=\"listitem\">\n\t\t\t\t<a class=\"elementor-post__thumbnail__link\" href=\"https:\/\/centroculturalcamara.com\/en\/andalucia-film-commission-refuerza-su-proyeccion-internacional-en-afci-studio-summit-2026\/\" tabindex=\"-1\" >\n\t\t\t<div class=\"elementor-post__thumbnail\"><img alt=\"\" decoding=\"async\" width=\"800\" height=\"600\" src=\"https:\/\/centroculturalcamara.com\/wp-content\/uploads\/2026\/05\/20260326_105550-scaled-1-1024x768.jpg\" class=\"attachment-large size-large wp-image-60602\" alt=\"\" srcset=\"https:\/\/centroculturalcamara.com\/wp-content\/uploads\/2026\/05\/20260326_105550-scaled-1-1024x768.jpg 1024w, https:\/\/centroculturalcamara.com\/wp-content\/uploads\/2026\/05\/20260326_105550-scaled-1-300x225.jpg 300w, https:\/\/centroculturalcamara.com\/wp-content\/uploads\/2026\/05\/20260326_105550-scaled-1-768x576.jpg 768w, https:\/\/centroculturalcamara.com\/wp-content\/uploads\/2026\/05\/20260326_105550-scaled-1-1536x1152.jpg 1536w, https:\/\/centroculturalcamara.com\/wp-content\/uploads\/2026\/05\/20260326_105550-scaled-1-2048x1536.jpg 2048w\" sizes=\"(max-width: 800px) 100vw, 800px\" \/><\/div>\n\t\t<\/a>\n\t\t\t\t<div class=\"elementor-post__text\">\n\t\t\t\t<h3 class=\"elementor-post__title\">\n\t\t\t<a href=\"https:\/\/centroculturalcamara.com\/en\/andalucia-film-commission-refuerza-su-proyeccion-internacional-en-afci-studio-summit-2026\/\" >\n\t\t\t\tAndaluc\u00eda Film Commission refuerza su proyecci\u00f3n internacional en AFCI Studio Summit 2026\t\t\t<\/a>\n\t\t<\/h3>\n\t\t\t\t\t<div class=\"elementor-post__read-more-wrapper\">\n\t\t\n\t\t<a class=\"elementor-post__read-more\" href=\"https:\/\/centroculturalcamara.com\/en\/andalucia-film-commission-refuerza-su-proyeccion-internacional-en-afci-studio-summit-2026\/\" aria-label=\"Read more about Andaluc\u00eda Film Commission refuerza su proyecci\u00f3n internacional en AFCI Studio Summit 2026\" tabindex=\"-1\" >\n\t\t\tLeer m\u00e1s \u00bb\t\t<\/a>\n\n\t\t\t\t\t<\/div>\n\t\t\t\t<\/div>\n\t\t\t\t<\/article>\n\t\t\t\t<article class=\"elementor-post elementor-grid-item post-60599 post type-post status-publish format-standard has-post-thumbnail hentry category-noticias\" role=\"listitem\">\n\t\t\t\t<a class=\"elementor-post__thumbnail__link\" href=\"https:\/\/centroculturalcamara.com\/en\/andalucia-film-commission-lleva-el-talento-andaluz-y-la-innovacion-a-mafiz-2026\/\" tabindex=\"-1\" >\n\t\t\t<div class=\"elementor-post__thumbnail\"><img alt=\"\" decoding=\"async\" width=\"800\" height=\"427\" src=\"https:\/\/centroculturalcamara.com\/wp-content\/uploads\/2026\/05\/f93512265e5cc22dbd6d0a74b34ff14b-1024x546.jpg\" class=\"attachment-large size-large wp-image-60600\" alt=\"\" srcset=\"https:\/\/centroculturalcamara.com\/wp-content\/uploads\/2026\/05\/f93512265e5cc22dbd6d0a74b34ff14b-1024x546.jpg 1024w, https:\/\/centroculturalcamara.com\/wp-content\/uploads\/2026\/05\/f93512265e5cc22dbd6d0a74b34ff14b-300x160.jpg 300w, https:\/\/centroculturalcamara.com\/wp-content\/uploads\/2026\/05\/f93512265e5cc22dbd6d0a74b34ff14b-768x410.jpg 768w, https:\/\/centroculturalcamara.com\/wp-content\/uploads\/2026\/05\/f93512265e5cc22dbd6d0a74b34ff14b.jpg 1500w\" sizes=\"(max-width: 800px) 100vw, 800px\" \/><\/div>\n\t\t<\/a>\n\t\t\t\t<div class=\"elementor-post__text\">\n\t\t\t\t<h3 class=\"elementor-post__title\">\n\t\t\t<a href=\"https:\/\/centroculturalcamara.com\/en\/andalucia-film-commission-lleva-el-talento-andaluz-y-la-innovacion-a-mafiz-2026\/\" >\n\t\t\t\tAndaluc\u00eda Film Commission lleva el talento andaluz y la innovaci\u00f3n a MAFIZ 2026\t\t\t<\/a>\n\t\t<\/h3>\n\t\t\t\t\t<div class=\"elementor-post__read-more-wrapper\">\n\t\t\n\t\t<a class=\"elementor-post__read-more\" href=\"https:\/\/centroculturalcamara.com\/en\/andalucia-film-commission-lleva-el-talento-andaluz-y-la-innovacion-a-mafiz-2026\/\" aria-label=\"Read more about Andaluc\u00eda Film Commission lleva el talento andaluz y la innovaci\u00f3n a MAFIZ 2026\" tabindex=\"-1\" >\n\t\t\tLeer m\u00e1s \u00bb\t\t<\/a>\n\n\t\t\t\t\t<\/div>\n\t\t\t\t<\/div>\n\t\t\t\t<\/article>\n\t\t\t\t<article class=\"elementor-post elementor-grid-item post-60597 post type-post status-publish format-standard has-post-thumbnail hentry category-noticias\" role=\"listitem\">\n\t\t\t\t<a class=\"elementor-post__thumbnail__link\" href=\"https:\/\/centroculturalcamara.com\/en\/andalucia-film-commission-inaugura-en-la-embajada-de-espana-en-berlin-la-exposicion-andalucia-destino-de-cine-el-talento-tras-la-escena-con-motivo-de-la-berlinale-2026\/\" tabindex=\"-1\" >\n\t\t\t<div class=\"elementor-post__thumbnail\"><img alt=\"\" loading=\"lazy\" decoding=\"async\" width=\"800\" height=\"600\" src=\"https:\/\/centroculturalcamara.com\/wp-content\/uploads\/2026\/05\/El-talento-tras-la-escen_AFC_16-1024x768.jpeg\" class=\"attachment-large size-large wp-image-60598\" alt=\"\" srcset=\"https:\/\/centroculturalcamara.com\/wp-content\/uploads\/2026\/05\/El-talento-tras-la-escen_AFC_16-1024x768.jpeg 1024w, https:\/\/centroculturalcamara.com\/wp-content\/uploads\/2026\/05\/El-talento-tras-la-escen_AFC_16-300x225.jpeg 300w, https:\/\/centroculturalcamara.com\/wp-content\/uploads\/2026\/05\/El-talento-tras-la-escen_AFC_16-768x576.jpeg 768w, https:\/\/centroculturalcamara.com\/wp-content\/uploads\/2026\/05\/El-talento-tras-la-escen_AFC_16-1536x1152.jpeg 1536w, https:\/\/centroculturalcamara.com\/wp-content\/uploads\/2026\/05\/El-talento-tras-la-escen_AFC_16.jpeg 2048w\" sizes=\"(max-width: 800px) 100vw, 800px\" \/><\/div>\n\t\t<\/a>\n\t\t\t\t<div class=\"elementor-post__text\">\n\t\t\t\t<h3 class=\"elementor-post__title\">\n\t\t\t<a href=\"https:\/\/centroculturalcamara.com\/en\/andalucia-film-commission-inaugura-en-la-embajada-de-espana-en-berlin-la-exposicion-andalucia-destino-de-cine-el-talento-tras-la-escena-con-motivo-de-la-berlinale-2026\/\" >\n\t\t\t\tAndaluc\u00eda Film Commission inaugura en la Embajada de Espa\u00f1a en Berl\u00edn la exposici\u00f3n \u201cAndaluc\u00eda, Destino de Cine: El talento tras la escena\u201d con motivo de la Berlinale 2026\t\t\t<\/a>\n\t\t<\/h3>\n\t\t\t\t\t<div class=\"elementor-post__read-more-wrapper\">\n\t\t\n\t\t<a class=\"elementor-post__read-more\" href=\"https:\/\/centroculturalcamara.com\/en\/andalucia-film-commission-inaugura-en-la-embajada-de-espana-en-berlin-la-exposicion-andalucia-destino-de-cine-el-talento-tras-la-escena-con-motivo-de-la-berlinale-2026\/\" aria-label=\"Read more about Andaluc\u00eda Film Commission inaugura en la Embajada de Espa\u00f1a en Berl\u00edn la exposici\u00f3n \u201cAndaluc\u00eda, Destino de Cine: El talento tras la escena\u201d con motivo de la Berlinale 2026\" tabindex=\"-1\" >\n\t\t\tLeer m\u00e1s \u00bb\t\t<\/a>\n\n\t\t\t\t\t<\/div>\n\t\t\t\t<\/div>\n\t\t\t\t<\/article>\n\t\t\t\t<article class=\"elementor-post elementor-grid-item post-60595 post type-post status-publish format-standard has-post-thumbnail hentry category-noticias\" role=\"listitem\">\n\t\t\t\t<a class=\"elementor-post__thumbnail__link\" href=\"https:\/\/centroculturalcamara.com\/en\/andalucia-film-commission-asiste-a-una-nueva-edicion-del-european-film-market-efm\/\" tabindex=\"-1\" >\n\t\t\t<div class=\"elementor-post__thumbnail\"><img alt=\"\" loading=\"lazy\" decoding=\"async\" width=\"800\" height=\"518\" src=\"https:\/\/centroculturalcamara.com\/wp-content\/uploads\/2026\/05\/efm_berlin.png\" class=\"attachment-large size-large wp-image-60615\" alt=\"\" srcset=\"https:\/\/centroculturalcamara.com\/wp-content\/uploads\/2026\/05\/efm_berlin.png 1024w, https:\/\/centroculturalcamara.com\/wp-content\/uploads\/2026\/05\/efm_berlin-300x194.png 300w, https:\/\/centroculturalcamara.com\/wp-content\/uploads\/2026\/05\/efm_berlin-768x497.png 768w\" sizes=\"(max-width: 800px) 100vw, 800px\" \/><\/div>\n\t\t<\/a>\n\t\t\t\t<div class=\"elementor-post__text\">\n\t\t\t\t<h3 class=\"elementor-post__title\">\n\t\t\t<a href=\"https:\/\/centroculturalcamara.com\/en\/andalucia-film-commission-asiste-a-una-nueva-edicion-del-european-film-market-efm\/\" >\n\t\t\t\tAndaluc\u00eda Film Commission asiste a una nueva edici\u00f3n del European Film Market (EFM)\t\t\t<\/a>\n\t\t<\/h3>\n\t\t\t\t\t<div class=\"elementor-post__read-more-wrapper\">\n\t\t\n\t\t<a class=\"elementor-post__read-more\" href=\"https:\/\/centroculturalcamara.com\/en\/andalucia-film-commission-asiste-a-una-nueva-edicion-del-european-film-market-efm\/\" aria-label=\"Read more about Andaluc\u00eda Film Commission asiste a una nueva edici\u00f3n del European Film Market (EFM)\" tabindex=\"-1\" >\n\t\t\tLeer m\u00e1s \u00bb\t\t<\/a>\n\n\t\t\t\t\t<\/div>\n\t\t\t\t<\/div>\n\t\t\t\t<\/article>\n\t\t\t\t<article class=\"elementor-post elementor-grid-item post-60593 post type-post status-publish format-standard has-post-thumbnail hentry category-noticias\" role=\"listitem\">\n\t\t\t\t<a class=\"elementor-post__thumbnail__link\" href=\"https:\/\/centroculturalcamara.com\/en\/andalucia-film-commission-y-granada-film-office-celebraron-la-ruta-granada-destino-de-cine-en-el-marco-de-los-v-premios-carmen\/\" tabindex=\"-1\" >\n\t\t\t<div class=\"elementor-post__thumbnail\"><img alt=\"\" loading=\"lazy\" decoding=\"async\" width=\"800\" height=\"496\" src=\"https:\/\/centroculturalcamara.com\/wp-content\/uploads\/2026\/05\/granada_carmen.png\" class=\"attachment-large size-large wp-image-60612\" alt=\"\" srcset=\"https:\/\/centroculturalcamara.com\/wp-content\/uploads\/2026\/05\/granada_carmen.png 1024w, https:\/\/centroculturalcamara.com\/wp-content\/uploads\/2026\/05\/granada_carmen-300x186.png 300w, https:\/\/centroculturalcamara.com\/wp-content\/uploads\/2026\/05\/granada_carmen-768x476.png 768w\" sizes=\"(max-width: 800px) 100vw, 800px\" \/><\/div>\n\t\t<\/a>\n\t\t\t\t<div class=\"elementor-post__text\">\n\t\t\t\t<h3 class=\"elementor-post__title\">\n\t\t\t<a href=\"https:\/\/centroculturalcamara.com\/en\/andalucia-film-commission-y-granada-film-office-celebraron-la-ruta-granada-destino-de-cine-en-el-marco-de-los-v-premios-carmen\/\" >\n\t\t\t\tAndaluc\u00eda Film Commission y Granada Film Office celebraron la ruta Granada, destino de cine en el marco de los V Premios Carmen\t\t\t<\/a>\n\t\t<\/h3>\n\t\t\t\t\t<div class=\"elementor-post__read-more-wrapper\">\n\t\t\n\t\t<a class=\"elementor-post__read-more\" href=\"https:\/\/centroculturalcamara.com\/en\/andalucia-film-commission-y-granada-film-office-celebraron-la-ruta-granada-destino-de-cine-en-el-marco-de-los-v-premios-carmen\/\" aria-label=\"Read more about Andaluc\u00eda Film Commission y Granada Film Office celebraron la ruta Granada, destino de cine en el marco de los V Premios Carmen\" tabindex=\"-1\" >\n\t\t\tLeer m\u00e1s \u00bb\t\t<\/a>\n\n\t\t\t\t\t<\/div>\n\t\t\t\t<\/div>\n\t\t\t\t<\/article>\n\t\t\t\t<article class=\"elementor-post elementor-grid-item post-60591 post type-post status-publish format-standard has-post-thumbnail hentry category-noticias\" role=\"listitem\">\n\t\t\t\t<a class=\"elementor-post__thumbnail__link\" href=\"https:\/\/centroculturalcamara.com\/en\/despedimos-en-londres-el-plan-de-acciones-de-2025\/\" tabindex=\"-1\" >\n\t\t\t<div class=\"elementor-post__thumbnail\"><img alt=\"\" loading=\"lazy\" decoding=\"async\" width=\"800\" height=\"600\" src=\"https:\/\/centroculturalcamara.com\/wp-content\/uploads\/2026\/05\/General-1024x768.jpg\" class=\"attachment-large size-large wp-image-60592\" alt=\"\" srcset=\"https:\/\/centroculturalcamara.com\/wp-content\/uploads\/2026\/05\/General-1024x768.jpg 1024w, https:\/\/centroculturalcamara.com\/wp-content\/uploads\/2026\/05\/General-300x225.jpg 300w, https:\/\/centroculturalcamara.com\/wp-content\/uploads\/2026\/05\/General-768x576.jpg 768w, https:\/\/centroculturalcamara.com\/wp-content\/uploads\/2026\/05\/General-1536x1152.jpg 1536w, https:\/\/centroculturalcamara.com\/wp-content\/uploads\/2026\/05\/General.jpg 2048w\" sizes=\"(max-width: 800px) 100vw, 800px\" \/><\/div>\n\t\t<\/a>\n\t\t\t\t<div class=\"elementor-post__text\">\n\t\t\t\t<h3 class=\"elementor-post__title\">\n\t\t\t<a href=\"https:\/\/centroculturalcamara.com\/en\/despedimos-en-londres-el-plan-de-acciones-de-2025\/\" >\n\t\t\t\tDespedimos en Londres el plan de acciones de 2025\t\t\t<\/a>\n\t\t<\/h3>\n\t\t\t\t\t<div class=\"elementor-post__read-more-wrapper\">\n\t\t\n\t\t<a class=\"elementor-post__read-more\" href=\"https:\/\/centroculturalcamara.com\/en\/despedimos-en-londres-el-plan-de-acciones-de-2025\/\" aria-label=\"Read more about Despedimos en Londres el plan de acciones de 2025\" tabindex=\"-1\" >\n\t\t\tLeer m\u00e1s \u00bb\t\t<\/a>\n\n\t\t\t\t\t<\/div>\n\t\t\t\t<\/div>\n\t\t\t\t<\/article>\n\t\t\t\t<article class=\"elementor-post elementor-grid-item post-60589 post type-post status-publish format-standard has-post-thumbnail hentry category-noticias\" role=\"listitem\">\n\t\t\t\t<a class=\"elementor-post__thumbnail__link\" href=\"https:\/\/centroculturalcamara.com\/en\/andalucia-film-commission-impulsa-el-dialogo-entre-audiovisual-patrimonio-y-turismo-en-la-segunda-edicion-de-heritage-sessions\/\" tabindex=\"-1\" >\n\t\t\t<div class=\"elementor-post__thumbnail\"><img alt=\"\" loading=\"lazy\" decoding=\"async\" width=\"800\" height=\"490\" src=\"https:\/\/centroculturalcamara.com\/wp-content\/uploads\/2026\/05\/Encentro-1024x627.png\" class=\"attachment-large size-large wp-image-60590\" alt=\"\" srcset=\"https:\/\/centroculturalcamara.com\/wp-content\/uploads\/2026\/05\/Encentro-1024x627.png 1024w, https:\/\/centroculturalcamara.com\/wp-content\/uploads\/2026\/05\/Encentro-300x184.png 300w, https:\/\/centroculturalcamara.com\/wp-content\/uploads\/2026\/05\/Encentro-768x470.png 768w, https:\/\/centroculturalcamara.com\/wp-content\/uploads\/2026\/05\/Encentro.png 1283w\" sizes=\"(max-width: 800px) 100vw, 800px\" \/><\/div>\n\t\t<\/a>\n\t\t\t\t<div class=\"elementor-post__text\">\n\t\t\t\t<h3 class=\"elementor-post__title\">\n\t\t\t<a href=\"https:\/\/centroculturalcamara.com\/en\/andalucia-film-commission-impulsa-el-dialogo-entre-audiovisual-patrimonio-y-turismo-en-la-segunda-edicion-de-heritage-sessions\/\" >\n\t\t\t\tAndaluc\u00eda Film Commission impulsa el di\u00e1logo entre audiovisual, patrimonio y turismo en la segunda edici\u00f3n de Heritage Sessions\t\t\t<\/a>\n\t\t<\/h3>\n\t\t\t\t\t<div class=\"elementor-post__read-more-wrapper\">\n\t\t\n\t\t<a class=\"elementor-post__read-more\" href=\"https:\/\/centroculturalcamara.com\/en\/andalucia-film-commission-impulsa-el-dialogo-entre-audiovisual-patrimonio-y-turismo-en-la-segunda-edicion-de-heritage-sessions\/\" aria-label=\"Read more about Andaluc\u00eda Film Commission impulsa el di\u00e1logo entre audiovisual, patrimonio y turismo en la segunda edici\u00f3n de Heritage Sessions\" tabindex=\"-1\" >\n\t\t\tLeer m\u00e1s \u00bb\t\t<\/a>\n\n\t\t\t\t\t<\/div>\n\t\t\t\t<\/div>\n\t\t\t\t<\/article>\n\t\t\t\t<article class=\"elementor-post elementor-grid-item post-60587 post type-post status-publish format-standard has-post-thumbnail hentry category-noticias\" role=\"listitem\">\n\t\t\t\t<a class=\"elementor-post__thumbnail__link\" href=\"https:\/\/centroculturalcamara.com\/en\/andalucia-film-commission-impulsa-nuevas-alianzas-con-la-industria-audiovisual-india-en-mumbai-y-goa\/\" tabindex=\"-1\" >\n\t\t\t<div class=\"elementor-post__thumbnail\"><img alt=\"\" loading=\"lazy\" decoding=\"async\" width=\"800\" height=\"450\" src=\"https:\/\/centroculturalcamara.com\/wp-content\/uploads\/2026\/05\/DSC08373-1024x576.jpg\" class=\"attachment-large size-large wp-image-60588\" alt=\"\" srcset=\"https:\/\/centroculturalcamara.com\/wp-content\/uploads\/2026\/05\/DSC08373-1024x576.jpg 1024w, https:\/\/centroculturalcamara.com\/wp-content\/uploads\/2026\/05\/DSC08373-300x169.jpg 300w, https:\/\/centroculturalcamara.com\/wp-content\/uploads\/2026\/05\/DSC08373-768x432.jpg 768w, https:\/\/centroculturalcamara.com\/wp-content\/uploads\/2026\/05\/DSC08373.jpg 1280w\" sizes=\"(max-width: 800px) 100vw, 800px\" \/><\/div>\n\t\t<\/a>\n\t\t\t\t<div class=\"elementor-post__text\">\n\t\t\t\t<h3 class=\"elementor-post__title\">\n\t\t\t<a href=\"https:\/\/centroculturalcamara.com\/en\/andalucia-film-commission-impulsa-nuevas-alianzas-con-la-industria-audiovisual-india-en-mumbai-y-goa\/\" >\n\t\t\t\tAndaluc\u00eda Film Commission impulsa nuevas alianzas con la industria audiovisual india en Mumbai y Goa\t\t\t<\/a>\n\t\t<\/h3>\n\t\t\t\t\t<div class=\"elementor-post__read-more-wrapper\">\n\t\t\n\t\t<a class=\"elementor-post__read-more\" href=\"https:\/\/centroculturalcamara.com\/en\/andalucia-film-commission-impulsa-nuevas-alianzas-con-la-industria-audiovisual-india-en-mumbai-y-goa\/\" aria-label=\"Read more about Andaluc\u00eda Film Commission impulsa nuevas alianzas con la industria audiovisual india en Mumbai y Goa\" tabindex=\"-1\" >\n\t\t\tLeer m\u00e1s \u00bb\t\t<\/a>\n\n\t\t\t\t\t<\/div>\n\t\t\t\t<\/div>\n\t\t\t\t<\/article>\n\t\t\t\t<\/div>\n\t\t\t\t\t<span class=\"e-load-more-spinner\">\n\t\t\t\t<svg aria-hidden=\"true\" class=\"e-font-icon-svg e-fas-spinner\" viewBox=\"0 0 512 512\" xmlns=\"http:\/\/www.w3.org\/2000\/svg\"><path d=\"M304 48c0 26.51-21.49 48-48 48s-48-21.49-48-48 21.49-48 48-48 48 21.49 48 48zm-48 368c-26.51 0-48 21.49-48 48s21.49 48 48 48 48-21.49 48-48-21.49-48-48-48zm208-208c-26.51 0-48 21.49-48 48s21.49 48 48 48 48-21.49 48-48-21.49-48-48-48zM96 256c0-26.51-21.49-48-48-48S0 229.49 0 256s21.49 48 48 48 48-21.49 48-48zm12.922 99.078c-26.51 0-48 21.49-48 48s21.49 48 48 48 48-21.49 48-48c0-26.509-21.491-48-48-48zm294.156 0c-26.51 0-48 21.49-48 48s21.49 48 48 48 48-21.49 48-48c0-26.509-21.49-48-48-48zM108.922 60.922c-26.51 0-48 21.49-48 48s21.49 48 48 48 48-21.49 48-48-21.491-48-48-48z\"><\/path><\/svg>\t\t\t<\/span>\n\t\t\n\t\t\t\t<div class=\"e-load-more-anchor\" data-page=\"1\" data-max-page=\"14\" data-next-page=\"https:\/\/centroculturalcamara.com\/en\/wp-json\/wp\/v2\/pages\/57412\/page\/2\/\"><\/div>\n\t\t\t\t<div class=\"elementor-button-wrapper\">\n\t\t\t<a href=\"#\" class=\"elementor-button-link elementor-button\" role=\"button\">\n\t\t\t\t\t\t<span class=\"elementor-button-content-wrapper\">\n\t\t\t\t\t\t\t\t\t<span class=\"elementor-button-text\">Cargar m\u00e1s noticias<\/span>\n\t\t\t\t\t<\/span>\n\t\t\t\t\t<\/a>\n\t\t<\/div>\n\t\t\t\t<div class=\"e-load-more-message\"><\/div>\n\t\t\t\t\t\t<\/div>\n\t\t\t\t<\/div>\n\t\t\t\t<\/div>\n\t\t\t\t\t<\/div>\n\t\t\t\t<\/div>\n\t\t<div class=\"elementor-element elementor-element-01a54dc e-flex e-con-boxed e-con e-parent\" data-id=\"01a54dc\" data-element_type=\"container\" data-e-type=\"container\" data-settings=\"{&quot;background_background&quot;:&quot;gradient&quot;}\">\n\t\t\t\t\t<div class=\"e-con-inner\">\n\t\t\t\t\t<\/div>\n\t\t\t\t<\/div>\n\t\t\t\t<\/div>\n\t\t","protected":false},"excerpt":{"rendered":"<p>News<\/p>\n","protected":false},"author":2299,"featured_media":0,"parent":0,"menu_order":0,"comment_status":"closed","ping_status":"closed","template":"","meta":{"_seopress_robots_primary_cat":"","_seopress_titles_title":"","_seopress_titles_desc":"","_seopress_robots_index":"","footnotes":""},"class_list":["post-57412","page","type-page","status-publish","hentry"],"_links":{"self":[{"href":"https:\/\/centroculturalcamara.com\/en\/wp-json\/wp\/v2\/pages\/57412","targetHints":{"allow":["GET"]}}],"collection":[{"href":"https:\/\/centroculturalcamara.com\/en\/wp-json\/wp\/v2\/pages"}],"about":[{"href":"https:\/\/centroculturalcamara.com\/en\/wp-json\/wp\/v2\/types\/page"}],"author":[{"embeddable":true,"href":"https:\/\/centroculturalcamara.com\/en\/wp-json\/wp\/v2\/users\/2299"}],"replies":[{"embeddable":true,"href":"https:\/\/centroculturalcamara.com\/en\/wp-json\/wp\/v2\/comments?post=57412"}],"version-history":[{"count":16,"href":"https:\/\/centroculturalcamara.com\/en\/wp-json\/wp\/v2\/pages\/57412\/revisions"}],"predecessor-version":[{"id":79126,"href":"https:\/\/centroculturalcamara.com\/en\/wp-json\/wp\/v2\/pages\/57412\/revisions\/79126"}],"wp:attachment":[{"href":"https:\/\/centroculturalcamara.com\/en\/wp-json\/wp\/v2\/media?parent=57412"}],"curies":[{"name":"wp","href":"https:\/\/api.w.org\/{rel}","templated":true}]}}