{"id":57384,"date":"2026-03-25T15:12:04","date_gmt":"2026-03-25T14:12:04","guid":{"rendered":"https:\/\/centroculturalcamara.com\/politica-cookies\/"},"modified":"2026-04-07T15:20:07","modified_gmt":"2026-04-07T13:20:07","slug":"politica-cookies","status":"publish","type":"page","link":"https:\/\/centroculturalcamara.com\/en\/politica-cookies\/","title":{"rendered":"Politica Cookies"},"content":{"rendered":"\t\t<div data-elementor-type=\"wp-page\" data-elementor-id=\"57384\" class=\"elementor elementor-57384\" data-elementor-post-type=\"page\">\n\t\t\t\t<div class=\"elementor-element elementor-element-9b2cefb e-flex e-con-boxed e-con e-parent\" data-id=\"9b2cefb\" data-element_type=\"container\" data-e-type=\"container\" data-settings=\"{&quot;background_background&quot;:&quot;gradient&quot;}\">\n\t\t\t\t\t<div class=\"e-con-inner\">\n\t\t\t\t<div class=\"elementor-element elementor-element-5471da6 elementor-widget elementor-widget-heading\" data-id=\"5471da6\" data-element_type=\"widget\" data-e-type=\"widget\" data-widget_type=\"heading.default\">\n\t\t\t\t\t<h1 class=\"elementor-heading-title elementor-size-default\">Pol\u00edtica de Cookies<\/h1>\t\t\t\t<\/div>\n\t\t\t\t<div class=\"elementor-element elementor-element-0c7da7b elementor-widget-divider--view-line elementor-widget elementor-widget-divider\" data-id=\"0c7da7b\" data-element_type=\"widget\" data-e-type=\"widget\" data-widget_type=\"divider.default\">\n\t\t\t\t\t\t\t<div class=\"elementor-divider\">\n\t\t\t<span class=\"elementor-divider-separator\">\n\t\t\t\t\t\t<\/span>\n\t\t<\/div>\n\t\t\t\t\t\t<\/div>\n\t\t<div class=\"elementor-element elementor-element-8c95ed2 e-con-full e-flex e-con e-child\" data-id=\"8c95ed2\" data-element_type=\"container\" data-e-type=\"container\" data-settings=\"{&quot;background_background&quot;:&quot;classic&quot;}\">\n\t\t\t\t<div class=\"elementor-element elementor-element-a2a70bc elementor-widget elementor-widget-text-editor\" data-id=\"a2a70bc\" data-element_type=\"widget\" data-e-type=\"widget\" data-widget_type=\"text-editor.default\">\n\t\t\t\t\t\t\t\t\t<section class=\"container-wrap main-color hidden-xs visible-sm visible-md visible-lg visible-xlg\"><div class=\"section-container container\"><div class=\"vc_row wpb_row vc_row-fluid row\"><div class=\"wpb_column vc_column_container vc_col-sm-9\"><div class=\"vc_column-inner \"><div class=\"wpb_wrapper\"><div class=\"vc_row wpb_row vc_inner vc_row-fluid\"><div class=\"section-container container\"><div class=\"wpb_column vc_column_container vc_col-sm-12\"><div class=\"vc_column-inner \"><div class=\"wpb_wrapper\"><div class=\"kleo_text_column wpb_text_column wpb_content_element \" data-uid=\"689dcc586757a\"><div class=\"wpb_wrapper\"><h4>\u00bfQu\u00e9 son las Cookies?<\/h4><\/div><\/div><div class=\"kleo_text_column wpb_text_column wpb_content_element \"><div class=\"wpb_wrapper\"><p>Las cookies son identificadores que enviamos al disco duro de tu ordenador a trav\u00e9s de tu navegador web con el fin de que nuestros sistemas puedan reconocer tanto tu navegador, como el tipo de dispositivo desde el que te conectas y ofrecerte adaptaciones en el comportamiento de la web de Andaluc\u00eda Film Commission que faciliten el acceso a la informaci\u00f3n.<\/p><p>Para tu seguridad y confianza te detallamos las cookies que utilizamos y si pueden o no ser desactivadas.<\/p><\/div><\/div><div class=\"kleo_text_column wpb_text_column wpb_content_element \" data-uid=\"689dcc5867f04\"><div class=\"wpb_wrapper\"><h4>\u00bfQuieres desactivar las Cookies?<\/h4><\/div><\/div><div class=\"kleo_text_column wpb_text_column wpb_content_element \"><div class=\"wpb_wrapper\"><p>Por lo general es posible dejar de aceptar las Cookies del navegador, o dejar de aceptar las Cookies de un Servicio en particular. En nuestro caso, puedes deshabilitar las Cookies que no son estrictamente necesarias para el uso de la web en la notificaci\u00f3n de la Aceptaci\u00f3n de Cookies, pulsando \u201cDesactivar Cookies no necesarias\u201d. Si deshabilitas las cookies es posible que algunas funcionalidades de los Servicios queden deshabilitadas como, por ejemplo, permanecer identificado.<br \/>A\u00fan as\u00ed, si quieres deshabilitar las cookies, te explicamos brevemente qu\u00e9 puedes hacer.<\/p><p><strong>Internet Explorer:<\/strong>\u00a0Herramientas -&gt; Opciones de Internet -&gt; Privacidad -&gt; Configuraci\u00f3n. (Para m\u00e1s informaci\u00f3n, puedes consultar el soporte de Microsoft o la Ayuda del navegador.)<\/p><p><strong>Firefox:<\/strong>\u00a0Herramientas -&gt; Opciones -&gt; Privacidad -&gt; Historial -&gt; Configuraci\u00f3n Personalizada. (Para m\u00e1s informaci\u00f3n, puedes consultar el soporte de Mozilla o la Ayuda del navegador.)<\/p><p><strong>Chrome:<\/strong>\u00a0Configuraci\u00f3n -&gt; Mostrar opciones avanzadas -&gt; Privacidad -&gt; Configuraci\u00f3n de contenido. (Para m\u00e1s informaci\u00f3n, puedes consultar el soporte de Google o la Ayuda del navegador.)<\/p><p><strong>Safari:<\/strong>\u00a0Preferencias -&gt; Seguridad. (Para m\u00e1s informaci\u00f3n, puedes consultar el soporte de Apple o la Ayuda del navegador.)<\/p><\/div><\/div><\/div><\/div><\/div><\/div><\/div><\/div><\/div><\/div><\/div><\/div><\/section><section class=\"container-wrap main-color hidden-xs visible-sm visible-md visible-lg visible-xlg\"><div class=\"section-container container\"><div class=\"vc_row wpb_row vc_row-fluid row\"><div class=\"wpb_column vc_column_container vc_col-sm-12\"><div class=\"vc_column-inner \"><div class=\"wpb_wrapper\"><div class=\"kleo_text_column wpb_text_column wpb_content_element \"><div class=\"wpb_wrapper\"><table border=\"1\" width=\"1138\" cellspacing=\"0\" cellpadding=\"4\"><colgroup> <col width=\"203\" \/> <col width=\"176\" \/> <col width=\"277\" \/> <col width=\"123\" \/> <col width=\"317\" \/><\/colgroup><tbody><tr><td width=\"203\"><p align=\"CENTER\"><strong>Cookie<\/strong><\/p><\/td><td width=\"176\"><p align=\"CENTER\"><strong>Informaci\u00f3n que recoge<\/strong><\/p><\/td><td width=\"277\"><p align=\"CENTER\"><strong>Prop\u00f3sito<\/strong><\/p><\/td><td width=\"123\"><p align=\"CENTER\"><strong>\u00bfCu\u00e1nto dura?<\/strong><\/p><\/td><td width=\"317\"><p align=\"CENTER\"><strong>Modo de desactivarla<\/strong><\/p><\/td><\/tr><tr><td width=\"176\">wp-settings\u2026 (Propia)<\/td><td width=\"176\">Gesti\u00f3n de usuario<\/td><td width=\"277\">Estas cookies son utilizadas por WordPress para personalizar la Interfaz de Usuario.<\/td><td width=\"123\">Cookie de sesi\u00f3n<\/td><td width=\"317\">No se puede. Es necesaria para el funcionamiento de la web<\/td><\/tr><tr><td width=\"203\">devicePixelRatio (Propia)<\/td><td width=\"176\">\u00a0Tipo de dispositivo utilizado para acceder, retina (s\u00ed\/no)<\/td><td width=\"277\">\u00a0Adaptar la presentaci\u00f3n de la web al dispositivo<\/td><td width=\"123\">\u00a04 d\u00edas<\/td><td width=\"317\">\u00a0Cerrar sesi\u00f3n.<\/td><\/tr><tr><td width=\"203\">Wordfence (Terceros)<\/td><td width=\"176\">\u00a0Si es humano<\/td><td width=\"277\">Detecta intentos no autorizados de acceso al backoffice de la web<\/td><td width=\"123\">\u00a01 d\u00eda<\/td><td width=\"317\">\u00a0Cerrar sesi\u00f3n.<\/td><\/tr><tr><td width=\"203\">wfvt_\u2026 (Propia)<\/td><td width=\"176\">\u00a0Guarda informaci\u00f3n de intentos de acceso<\/td><td width=\"277\">Tratar de evitar intentos reiterados de acceso bloqueando IPs no permitidas<\/td><td width=\"123\">30 minutos<\/td><td width=\"317\">\u00a0Cerrar sesi\u00f3n.<\/td><\/tr><tr><td width=\"203\">wp_logged_in\u2026 (Propia)<\/td><td width=\"176\">\u00a0Guarda la configuraci\u00f3n de acceso a WordPress<\/td><td width=\"277\">Despu\u00e9s del login, se activa esta cookie cuya funci\u00f3n es indicar cu\u00e1ndo se ha conectado y qui\u00e9n es, siendo utilizado por la interfaz de WordPress.<\/td><td width=\"123\">Cookie de sesi\u00f3n<\/td><td width=\"317\">No se puede. Es necesaria para el funcionamiento de la web<\/td><\/tr><tr><td width=\"203\">GoogleAnalytics gadwp_wg_default_metric (Terceros)<\/td><td width=\"176\">Informaci\u00f3n Anal\u00edtica de la visita, tiempo, secciones visitadas, clicks y sitios de procedencia.<\/td><td width=\"277\">Un an\u00e1lisis del comportamiento del usuario en la web y as\u00ed poder mejorar el servicio.<\/td><td width=\"123\">Cookies de sesi\u00f3n o 2 a\u00f1os max<\/td><td width=\"317\">Instalando:\u00a0<a href=\"https:\/\/tools.google.com\/dlpage\/gaoptout?hl=es\" target=\"_blank\" rel=\"noopener\">https:\/\/tools.google.com\/dlpage\/gaoptout?hl=es<\/a><\/td><\/tr><tr><td width=\"203\">cookielawinf (Propia)<\/td><td width=\"176\">Acceso a la web<\/td><td width=\"277\">Aceptaci\u00f3n (o no) de la pol\u00edtica de Cookies<\/td><td width=\"123\">1 d\u00eda<\/td><td width=\"317\">No se puede. Es necesaria para el funcionamiento de la web<\/td><\/tr><tr><td width=\"203\">bp-activity-oldestpage (Propia)<\/td><td width=\"176\">Gesti\u00f3n de contenido de usuario<\/td><td width=\"277\">Contiene informaci\u00f3n para mostrar y generar contenidos de Buddypress<\/td><td width=\"123\">\u00a0Cookie de sesi\u00f3n<\/td><td width=\"317\">No se puede. Es necesaria para el funcionamiento de la web<\/td><\/tr><tr><td width=\"203\">_icl_current_language (Propia)<\/td><td width=\"176\">Mostrar idioma<\/td><td width=\"277\">Muestra el idioma correcto seg\u00fan preferencias del usuario<\/td><td width=\"123\">\u00a0Cookie de sesi\u00f3n<\/td><td width=\"317\">Cerrar sesi\u00f3n.<\/td><\/tr><tr><td width=\"203\">redux_current_tab (Terceros)<\/td><td width=\"176\">Cookie propia del servidor<\/td><td width=\"277\">Cookie para mejorar la navegaci\u00f3n en la web<\/td><td width=\"123\">\u00a0Cookie de sesi\u00f3n<\/td><td width=\"317\">Cerrar sesi\u00f3n.<\/td><\/tr><\/tbody><\/table><\/div><\/div><\/div><\/div><\/div><\/div><\/div><\/section>\t\t\t\t\t\t\t\t<\/div>\n\t\t\t\t<\/div>\n\t\t\t\t\t<\/div>\n\t\t\t\t<\/div>\n\t\t<div class=\"elementor-element elementor-element-4f6c61b e-flex e-con-boxed e-con e-parent\" data-id=\"4f6c61b\" data-element_type=\"container\" data-e-type=\"container\" data-settings=\"{&quot;background_background&quot;:&quot;gradient&quot;}\">\n\t\t\t\t\t<div class=\"e-con-inner\">\n\t\t\t\t\t<\/div>\n\t\t\t\t<\/div>\n\t\t\t\t<\/div>\n\t\t","protected":false},"excerpt":{"rendered":"<p>Pol\u00edtica de Cookies \u00bfQu\u00e9 son las Cookies? Las cookies son identificadores que enviamos al disco duro de tu ordenador a trav\u00e9s de tu navegador web con el fin de que nuestros sistemas puedan reconocer tanto tu navegador, como el tipo de dispositivo desde el que te conectas y ofrecerte adaptaciones en el comportamiento de la [&hellip;]<\/p>\n","protected":false},"author":2299,"featured_media":0,"parent":0,"menu_order":0,"comment_status":"closed","ping_status":"closed","template":"","meta":{"_seopress_robots_primary_cat":"","_seopress_titles_title":"","_seopress_titles_desc":"","_seopress_robots_index":"","footnotes":""},"class_list":["post-57384","page","type-page","status-publish","hentry"],"_links":{"self":[{"href":"https:\/\/centroculturalcamara.com\/en\/wp-json\/wp\/v2\/pages\/57384","targetHints":{"allow":["GET"]}}],"collection":[{"href":"https:\/\/centroculturalcamara.com\/en\/wp-json\/wp\/v2\/pages"}],"about":[{"href":"https:\/\/centroculturalcamara.com\/en\/wp-json\/wp\/v2\/types\/page"}],"author":[{"embeddable":true,"href":"https:\/\/centroculturalcamara.com\/en\/wp-json\/wp\/v2\/users\/2299"}],"replies":[{"embeddable":true,"href":"https:\/\/centroculturalcamara.com\/en\/wp-json\/wp\/v2\/comments?post=57384"}],"version-history":[{"count":7,"href":"https:\/\/centroculturalcamara.com\/en\/wp-json\/wp\/v2\/pages\/57384\/revisions"}],"predecessor-version":[{"id":58879,"href":"https:\/\/centroculturalcamara.com\/en\/wp-json\/wp\/v2\/pages\/57384\/revisions\/58879"}],"wp:attachment":[{"href":"https:\/\/centroculturalcamara.com\/en\/wp-json\/wp\/v2\/media?parent=57384"}],"curies":[{"name":"wp","href":"https:\/\/api.w.org\/{rel}","templated":true}]}}