{"id":57359,"date":"2019-09-25T08:39:57","date_gmt":"2019-09-25T06:39:57","guid":{"rendered":"https:\/\/centroculturalcamara.com\/aviso-legal\/"},"modified":"2026-04-07T15:07:40","modified_gmt":"2026-04-07T13:07:40","slug":"aviso-legal","status":"publish","type":"page","link":"https:\/\/centroculturalcamara.com\/en\/aviso-legal\/","title":{"rendered":"Aviso legal"},"content":{"rendered":"\t\t<div data-elementor-type=\"wp-page\" data-elementor-id=\"57359\" class=\"elementor elementor-57359\" data-elementor-post-type=\"page\">\n\t\t\t\t<div class=\"elementor-element elementor-element-9286864 e-flex e-con-boxed e-con e-parent\" data-id=\"9286864\" data-element_type=\"container\" data-e-type=\"container\">\n\t\t\t\t\t<div class=\"e-con-inner\">\n\t\t<div class=\"elementor-element elementor-element-89d26fd e-con-full e-flex e-con e-child\" data-id=\"89d26fd\" data-element_type=\"container\" data-e-type=\"container\" data-settings=\"{&quot;background_background&quot;:&quot;classic&quot;}\">\n\t\t<div class=\"elementor-element elementor-element-c8486e1 e-con-full e-flex e-con e-child\" data-id=\"c8486e1\" data-element_type=\"container\" data-e-type=\"container\">\n\t\t\t\t<div class=\"elementor-element elementor-element-8db1909 elementor-widget elementor-widget-heading\" data-id=\"8db1909\" data-element_type=\"widget\" data-e-type=\"widget\" data-widget_type=\"heading.default\">\n\t\t\t\t\t<h1 class=\"elementor-heading-title elementor-size-default\">Aviso Legal<\/h1>\t\t\t\t<\/div>\n\t\t\t\t<\/div>\n\t\t\t\t<\/div>\n\t\t\t\t\t<\/div>\n\t\t\t\t<\/div>\n\t\t<div class=\"elementor-element elementor-element-1d22d80 e-flex e-con-boxed e-con e-parent\" data-id=\"1d22d80\" data-element_type=\"container\" data-e-type=\"container\" data-settings=\"{&quot;background_background&quot;:&quot;gradient&quot;}\">\n\t\t\t\t\t<div class=\"e-con-inner\">\n\t\t\t\t<div class=\"elementor-element elementor-element-d552604 elementor-widget elementor-widget-text-editor\" data-id=\"d552604\" data-element_type=\"widget\" data-e-type=\"widget\" data-widget_type=\"text-editor.default\">\n\t\t\t\t\t\t\t\t\t<p>Datos del propietario<\/p>\t\t\t\t\t\t\t\t<\/div>\n\t\t\t\t<div class=\"elementor-element elementor-element-4e4535d elementor-widget-divider--view-line elementor-widget elementor-widget-divider\" data-id=\"4e4535d\" data-element_type=\"widget\" data-e-type=\"widget\" data-widget_type=\"divider.default\">\n\t\t\t\t\t\t\t<div class=\"elementor-divider\">\n\t\t\t<span class=\"elementor-divider-separator\">\n\t\t\t\t\t\t<\/span>\n\t\t<\/div>\n\t\t\t\t\t\t<\/div>\n\t\t\t\t<div class=\"elementor-element elementor-element-cada805 elementor-widget elementor-widget-text-editor\" data-id=\"cada805\" data-element_type=\"widget\" data-e-type=\"widget\" data-widget_type=\"text-editor.default\">\n\t\t\t\t\t\t\t\t\t<div class=\"kleo_text_column wpb_text_column wpb_content_element \"><div class=\"wpb_wrapper\"><p>Conforme a lo establecido en la Ley de Servicios de la Sociedad de la Informaci\u00f3n (LSSI), se informa a los usuarios de centroculturalcamara.com (en adelante, LA WEB) que estos son los datos del propietario de este sitio web:<\/p><ul><li>Nombre: Asociaci\u00f3n Andaluza de Comisionados de Filmaciones, Cine y Televisi\u00f3n \/ Andaluc\u00eda Film Commission<\/li><li>Direcci\u00f3n: Avenida Alcalde Luis Uru\u00f1uela, 1. Palacio de Exposiciones y Congresos, FIBES. (41020) Sevilla.<\/li><li>CIF: G-91605907<\/li><li>Tel\u00e9fono: (+34) 954 614 009<\/li><li>E-mail: info@centroculturalcamara.com<\/li><li>Inscrita en el Registro Provincial de Asociaciones de Sevilla con el n\u00famero\u00a011547 desde el 12 de Junio de 2007.<\/li><\/ul><p>En este espacio, los usuarios encontrar\u00e1n toda la informaci\u00f3n relativa a los t\u00e9rminos y condiciones legales que definen las relaciones entre ellos y la Asociaci\u00f3n Andaluza de Comisionados de Filmaciones, Cine y Televisi\u00f3n (en adelante Andaluc\u00eda Film Commission) como responsable de LA WEB. Como usuario, es importante que conozcas estos t\u00e9rminos antes de continuar tu navegaci\u00f3n.<\/p><p>Andaluc\u00eda Film Commission, como responsable de LA WEB, asume el compromiso de procesar la informaci\u00f3n de nuestros usuarios y clientes con plenas garant\u00edas y cumplir con los requisitos nacionales y europeos que regulan la recopilaci\u00f3n y uso de los datos personales de nuestros usuarios.<\/p><p>LA WEB, por tanto, cumple rigurosamente con el RGPD (REGLAMENTO (UE) 2016\/679 de protecci\u00f3n de datos) y la LSSI-CE (Ley 34\/2002, de 11 de julio, de Servicios de la Sociedad de la Informaci\u00f3n y de Comercio Electr\u00f3nico).<\/p><\/div><\/div><div class=\"kleo_text_column wpb_text_column wpb_content_element \" data-uid=\"689dc87cdc3b7\"><div class=\"wpb_wrapper\"><h3><br \/>Condiciones generales de uso<\/h3><\/div><\/div><div class=\"kleo_text_column wpb_text_column wpb_content_element \"><div class=\"wpb_wrapper\"><p>Las presentes Condiciones Generales regulan el uso (incluyendo el mero acceso) de las p\u00e1ginas integrantes de LA WEB, incluidos los contenidos y servicios puestos a disposici\u00f3n en ellas. Toda persona que acceda a LA WEB acepta someterse a las Condiciones Generales vigentes en cada momento en ella.<\/p><\/div><\/div><div class=\"kleo_text_column wpb_text_column wpb_content_element \" data-uid=\"689dc87cdc7d3\"><div class=\"wpb_wrapper\"><p>Datos personales que recabamos y c\u00f3mo lo hacemos<\/p><\/div><\/div><div class=\"kleo_text_column wpb_text_column wpb_content_element \"><div class=\"wpb_wrapper\"><p>Lee la\u00a0<a href=\"https:\/\/centroculturalcamara.com\/politica-de-privacidad\/\">Pol\u00edtica de Privacidad<\/a><\/p><\/div><\/div><div class=\"vc_separator wpb_content_element vc_separator_align_center vc_sep_width_70 vc_sep_pos_align_left vc_separator_no_text vc_sep_color_grey\">\u00a0<\/div><div class=\"kleo_text_column wpb_text_column wpb_content_element \" data-uid=\"689dc87cdcbe3\"><div class=\"wpb_wrapper\"><h3>Compromisos y obligaciones<\/h3><\/div><\/div><div class=\"kleo_text_column wpb_text_column wpb_content_element \"><div class=\"wpb_wrapper\"><p>El usuario queda informado, y acepta, que el acceso a LA WEB no supone, en modo alguno, el inicio de una relaci\u00f3n comercial con Andaluc\u00eda Film Commission. De esta forma, el usuario se compromete a utilizar LA WEB, sus servicios y contenidos sin contravenir la legislaci\u00f3n vigente, la buena fe y el orden p\u00fablico.<\/p><p>Queda prohibido el uso de LA WEB, con fines il\u00edcitos o lesivos, o que, de cualquier forma, puedan causar perjuicio o impedir el normal funcionamiento de la misma. Respecto de los contenidos, se proh\u00edbe:<\/p><ul><li>Su reproducci\u00f3n, distribuci\u00f3n o modificaci\u00f3n, total o parcial, a menos que se cuente con la autorizaci\u00f3n de sus leg\u00edtimos titulares.<\/li><li>Cualquier vulneraci\u00f3n de los derechos del prestador o de los leg\u00edtimos titulares.<\/li><li>Su utilizaci\u00f3n para fines comerciales o publicitarios.<\/li><\/ul><p>En la utilizaci\u00f3n de LA WEB el usuario se compromete a no llevar a cabo ninguna conducta que pudiera da\u00f1ar la imagen, los intereses y los derechos de Andaluc\u00eda Film Commission o de terceros o que pudiera da\u00f1ar, inutilizar o sobrecargar LA WEB o que impidiera, de cualquier forma, su normal utilizaci\u00f3n.<\/p><p>No obstante, el usuario debe ser consciente de que las medidas de seguridad de los sistemas inform\u00e1ticos en Internet no son enteramente fiables y que, por tanto Andaluc\u00eda Film Commission no puede garantizar la inexistencia de virus u otros elementos que puedan producir alteraciones en los sistemas inform\u00e1ticos del usuario o en sus documentos electr\u00f3nicos y ficheros contenidos en los mismos.<\/p><\/div><\/div><div class=\"vc_separator wpb_content_element vc_separator_align_center vc_sep_width_70 vc_sep_pos_align_left vc_separator_no_text vc_sep_color_grey\">\u00a0<\/div><div class=\"kleo_text_column wpb_text_column wpb_content_element \" data-uid=\"689dc87cdd041\"><div class=\"wpb_wrapper\"><h3>Medidas de seguridad<\/h3><\/div><\/div><div class=\"kleo_text_column wpb_text_column wpb_content_element \"><div class=\"wpb_wrapper\"><p>Los datos personales comunicados por el usuario a Andaluc\u00eda Film Commission pueden ser almacenados en bases de datos automatizadas o no, cuya titularidad corresponde en exclusiva a Andaluc\u00eda Film Commission, asumiendo \u00e9sta todas las medidas de \u00edndole t\u00e9cnica, organizativa y de seguridad que garantizan la confidencialidad, integridad y calidad de la informaci\u00f3n contenida en las mismas de acuerdo con lo establecido en la normativa vigente en protecci\u00f3n de datos.<\/p><p>La comunicaci\u00f3n entre los usuarios y Andaluc\u00eda Film Commission utiliza un canal seguro, y los datos transmitidos son cifrados gracias a protocolos a HTTPS. Por tanto, garantizamos las mejores condiciones de seguridad para que la confidencialidad de los usuarios est\u00e9 garantizada.<\/p><\/div><\/div><div class=\"vc_separator wpb_content_element vc_separator_align_center vc_sep_width_70 vc_sep_pos_align_left vc_separator_no_text vc_sep_color_grey\">\u00a0<\/div><div class=\"kleo_text_column wpb_text_column wpb_content_element \" data-uid=\"689dc87cdd441\"><div class=\"wpb_wrapper\"><h3>Reclamaciones<\/h3><\/div><\/div><div class=\"kleo_text_column wpb_text_column wpb_content_element \"><div class=\"wpb_wrapper\"><p>El usuario podr\u00e1 realizar reclamaciones remitiendo un correo electr\u00f3nico a\u00a0info@centroculturalcamara.com indicando su nombre y apellidos, el servicio adquirido y exponiendo los motivos de su reclamaci\u00f3n.<\/p><\/div><\/div><div class=\"vc_separator wpb_content_element vc_separator_align_center vc_sep_width_70 vc_sep_pos_align_left vc_separator_no_text vc_sep_color_grey\">\u00a0<\/div><div class=\"kleo_text_column wpb_text_column wpb_content_element \" data-uid=\"689dc87cdd88d\"><div class=\"wpb_wrapper\"><h3>Plataforma de resoluci\u00f3n de conflictos<\/h3><\/div><\/div><div class=\"kleo_text_column wpb_text_column wpb_content_element \"><div class=\"wpb_wrapper\"><p>Por si puede ser de tu inter\u00e9s, para someter tus reclamaciones puedes utilizar tambi\u00e9n la plataforma de resoluci\u00f3n de litigios que facilita la Comisi\u00f3n Europea y que se encuentra disponible\u00a0<a href=\"http:\/\/ec.europa.eu\/consumers\/odr\/\" target=\"_blank\" rel=\"noopener\">aqu\u00ed<\/a>.<\/p><\/div><\/div><div class=\"vc_separator wpb_content_element vc_separator_align_center vc_sep_width_70 vc_sep_pos_align_left vc_separator_no_text vc_sep_color_grey\">\u00a0<\/div><div class=\"kleo_text_column wpb_text_column wpb_content_element \" data-uid=\"689dc87cddc96\"><div class=\"wpb_wrapper\"><h3>Derechos de propiedad intelectual e industrial<\/h3><\/div><\/div><div class=\"kleo_text_column wpb_text_column wpb_content_element \"><div class=\"wpb_wrapper\"><p>En virtud de lo dispuesto en la Ley de Propiedad Intelectual, quedan expresamente prohibidas la reproducci\u00f3n, la distribuci\u00f3n y la comunicaci\u00f3n p\u00fablica, incluida su modalidad de puesta a disposici\u00f3n, de la totalidad o parte de los contenidos de LA WEB, con fines comerciales, en cualquier soporte y por cualquier medio t\u00e9cnico, sin la autorizaci\u00f3n de Andaluc\u00eda Film Commission. El usuario se compromete a respetar los derechos de Propiedad Intelectual e Industrial titularidad de Andaluc\u00eda Film Commission.<\/p><p>El usuario conoce y acepta que la totalidad de LA WEB, conteniendo sin car\u00e1cter exhaustivo el texto, software, contenidos (incluyendo estructura, selecci\u00f3n, ordenaci\u00f3n y presentaci\u00f3n de los mismos) podcast, fotograf\u00edas, material audiovisual y gr\u00e1ficos, est\u00e1 protegida por marcas, derechos de autor y otros derechos leg\u00edtimos, de acuerdo con los tratados internacionales en los que Espa\u00f1a es parte y otros derechos de propiedad y leyes de Espa\u00f1a.<\/p><p>En el caso de que un usuario o un tercero consideren que se ha producido una violaci\u00f3n de sus leg\u00edtimos derechos de propiedad intelectual por la introducci\u00f3n de un determinado contenido en LA WEB, deber\u00e1 notificar dicha circunstancia a Andaluc\u00eda Film Commission indicando:<\/p><ul><li>Datos personales del interesado titular de los derechos presuntamente infringidos, o indicar la representaci\u00f3n con la que act\u00faa en caso de que la reclamaci\u00f3n la presente un tercero distinto del interesado.<\/li><li>Se\u00f1alar los contenidos protegidos por los derechos de propiedad intelectual y su ubicaci\u00f3n en LA WEB, la acreditaci\u00f3n de los derechos de propiedad intelectual se\u00f1alados y declaraci\u00f3n expresa en la que el interesado se responsabiliza de la veracidad de las informaciones facilitadas en la notificaci\u00f3n.<\/li><\/ul><\/div><\/div><div class=\"vc_separator wpb_content_element vc_separator_align_center vc_sep_width_70 vc_sep_pos_align_left vc_separator_no_text vc_sep_color_grey\">\u00a0<\/div><div class=\"kleo_text_column wpb_text_column wpb_content_element \" data-uid=\"689dc87cde0e7\"><div class=\"wpb_wrapper\"><h3>Enlaces externos<\/h3><\/div><\/div><div class=\"kleo_text_column wpb_text_column wpb_content_element \"><div class=\"wpb_wrapper\"><p>LA WEB, proporciona enlaces a otros sitios web y contenidos que son propiedad de terceros tales como:<\/p><ul><li>Contenidos de otras plataformas webs.<\/li><li>Herramientas.<\/li><li>Recursos.<\/li><\/ul><p>El \u00fanico objeto de los enlaces es proporcionar al usuario la posibilidad de acceder a dichos enlaces.<\/p><p>Andaluc\u00eda Film Commission no se responsabiliza en ning\u00fan caso de los resultados que puedan derivarse al usuario por acceso a dichos enlaces.<\/p><p>El usuario que se proponga establecer cualquier dispositivo t\u00e9cnico de enlace desde su sitio web a LA WEB deber\u00e1 obtener la autorizaci\u00f3n previa y escrita de LA WEB. El establecimiento del enlace no implica en ning\u00fan caso la existencia de relaciones entre NICDO y el propietario del sitio en el que se establezca el enlace, ni la aceptaci\u00f3n o aprobaci\u00f3n por parte de Andaluc\u00eda Film Commission de sus contenidos o servicios.<\/p><\/div><\/div><div class=\"vc_separator wpb_content_element vc_separator_align_center vc_sep_width_70 vc_sep_pos_align_left vc_separator_no_text vc_sep_color_grey\">\u00a0<\/div><div class=\"kleo_text_column wpb_text_column wpb_content_element \" data-uid=\"689dc87cde52f\"><div class=\"wpb_wrapper\"><h3>Exclusi\u00f3n de garant\u00edas y responsabilidades<\/h3><\/div><\/div><div class=\"kleo_text_column wpb_text_column wpb_content_element \"><div class=\"wpb_wrapper\"><p>Andaluc\u00eda Film Commission no otorga ninguna garant\u00eda ni se hace responsable, en ning\u00fan caso, de los da\u00f1os y perjuicios de cualquier naturaleza que pudieran traer causa de:<\/p><ul><li>La falta de disponibilidad, mantenimiento y efectivo funcionamiento de LA WEB, o de sus servicios y contenidos.<\/li><li>La existencia de virus, programas maliciosos o lesivos en los contenidos.<\/li><li>El uso il\u00edcito, negligente, fraudulento o contrario a este Aviso Legal.<\/li><li>La falta de licitud, calidad, fiabilidad, utilidad y disponibilidad de los servicios prestados por terceros y puestos a disposici\u00f3n de los usuarios en LA WEB.<\/li><li>Los da\u00f1os que pudieran dimanar del uso ilegal o indebido de LA WEB.<\/li><\/ul><\/div><\/div><div class=\"vc_separator wpb_content_element vc_separator_align_center vc_sep_width_70 vc_sep_pos_align_left vc_separator_no_text vc_sep_color_grey\">\u00a0<\/div><div class=\"kleo_text_column wpb_text_column wpb_content_element \" data-uid=\"689dc87cde974\"><div class=\"wpb_wrapper\"><h3>Ley aplicable y jurisdicci\u00f3n<\/h3><\/div><\/div><div class=\"kleo_text_column wpb_text_column wpb_content_element \"><div class=\"wpb_wrapper\"><p>Con car\u00e1cter general las relaciones entre Andaluc\u00eda Film Commission con los usuarios de sus servicios telem\u00e1ticos, presentes en LA WEB se encuentran sometidas a la legislaci\u00f3n y jurisdicci\u00f3n espa\u00f1olas y a los tribunales de Sevilla.<\/p><\/div><\/div><div class=\"vc_separator wpb_content_element vc_separator_align_center vc_sep_width_70 vc_sep_pos_align_left vc_separator_no_text vc_sep_color_grey\">\u00a0<\/div><div class=\"kleo_text_column wpb_text_column wpb_content_element \" data-uid=\"689dc87cded4f\"><div class=\"wpb_wrapper\"><h3>Contacto<\/h3><\/div><\/div><div class=\"kleo_text_column wpb_text_column wpb_content_element \"><div class=\"wpb_wrapper\"><p>En caso de que cualquier usuario tuviese alguna duda acerca de estas Condiciones Legales o cualquier comentario sobre LA WEB, por favor dir\u00edjase a info@centroculturalcamara.com<\/p><\/div><\/div>\t\t\t\t\t\t\t\t<\/div>\n\t\t\t\t\t<\/div>\n\t\t\t\t<\/div>\n\t\t<div class=\"elementor-element elementor-element-ef789fe e-flex e-con-boxed e-con e-parent\" data-id=\"ef789fe\" data-element_type=\"container\" data-e-type=\"container\" data-settings=\"{&quot;background_background&quot;:&quot;gradient&quot;}\">\n\t\t\t\t\t<div class=\"e-con-inner\">\n\t\t\t\t\t<\/div>\n\t\t\t\t<\/div>\n\t\t\t\t<\/div>\n\t\t","protected":false},"excerpt":{"rendered":"<p>Aviso Legal Datos del propietario Conforme a lo establecido en la Ley de Servicios de la Sociedad de la Informaci\u00f3n (LSSI), se informa a los usuarios de centroculturalcamara.com (en adelante, LA WEB) que estos son los datos del propietario de este sitio web: Nombre: Asociaci\u00f3n Andaluza de Comisionados de Filmaciones, Cine y Televisi\u00f3n \/ Andaluc\u00eda [&hellip;]<\/p>\n","protected":false},"author":1,"featured_media":0,"parent":0,"menu_order":0,"comment_status":"closed","ping_status":"closed","template":"","meta":{"_seopress_robots_primary_cat":"","_seopress_titles_title":"","_seopress_titles_desc":"","_seopress_robots_index":"","footnotes":""},"class_list":["post-57359","page","type-page","status-publish","hentry"],"_links":{"self":[{"href":"https:\/\/centroculturalcamara.com\/en\/wp-json\/wp\/v2\/pages\/57359","targetHints":{"allow":["GET"]}}],"collection":[{"href":"https:\/\/centroculturalcamara.com\/en\/wp-json\/wp\/v2\/pages"}],"about":[{"href":"https:\/\/centroculturalcamara.com\/en\/wp-json\/wp\/v2\/types\/page"}],"author":[{"embeddable":true,"href":"https:\/\/centroculturalcamara.com\/en\/wp-json\/wp\/v2\/users\/1"}],"replies":[{"embeddable":true,"href":"https:\/\/centroculturalcamara.com\/en\/wp-json\/wp\/v2\/comments?post=57359"}],"version-history":[{"count":11,"href":"https:\/\/centroculturalcamara.com\/en\/wp-json\/wp\/v2\/pages\/57359\/revisions"}],"predecessor-version":[{"id":58852,"href":"https:\/\/centroculturalcamara.com\/en\/wp-json\/wp\/v2\/pages\/57359\/revisions\/58852"}],"wp:attachment":[{"href":"https:\/\/centroculturalcamara.com\/en\/wp-json\/wp\/v2\/media?parent=57359"}],"curies":[{"name":"wp","href":"https:\/\/api.w.org\/{rel}","templated":true}]}}